{"id":236,"date":"2022-01-05T09:10:29","date_gmt":"2022-01-05T09:10:29","guid":{"rendered":"https:\/\/reniermaastricht.nl\/?page_id=236"},"modified":"2024-04-11T13:50:20","modified_gmt":"2024-04-11T13:50:20","slug":"hannes-roether-kleding","status":"publish","type":"page","link":"https:\/\/reniermaastricht.nl\/de\/hannes-roether-kleding\/","title":{"rendered":"Hannes Roether"},"content":{"rendered":"<div data-elementor-type=\"wp-page\" data-elementor-id=\"236\" class=\"elementor elementor-236\" data-elementor-post-type=\"page\">\n\t\t\t\t\t\t<section class=\"elementor-section elementor-top-section elementor-element elementor-element-5bbf2c1 elementor-section-boxed elementor-section-height-default elementor-section-height-default\" data-id=\"5bbf2c1\" data-element_type=\"section\" data-e-type=\"section\" data-settings=\"{&quot;background_background&quot;:&quot;classic&quot;}\">\n\t\t\t\t\t\t<div class=\"elementor-container elementor-column-gap-default\">\n\t\t\t\t\t<div class=\"elementor-column elementor-col-100 elementor-top-column elementor-element elementor-element-536f1733\" data-id=\"536f1733\" data-element_type=\"column\" data-e-type=\"column\">\n\t\t\t<div class=\"elementor-widget-wrap elementor-element-populated\">\n\t\t\t\t\t\t<div class=\"elementor-element elementor-element-2ea34a3e elementor-widget elementor-widget-image\" data-id=\"2ea34a3e\" data-element_type=\"widget\" data-e-type=\"widget\" data-widget_type=\"image.default\">\n\t\t\t\t<div class=\"elementor-widget-container\">\n\t\t\t\t\t\t\t\t\t\t\t\t\t\t\t<img fetchpriority=\"high\" decoding=\"async\" width=\"1920\" height=\"1080\" src=\"https:\/\/reniermaastricht.nl\/wp-content\/uploads\/2022\/01\/Hannes-Roether-Maastricht-_-Renier-Clothing-Boutique-22.jpg\" class=\"attachment-full size-full wp-image-583\" alt=\"Hannes Roether Maastricht | Renier Clothing Boutique\" srcset=\"https:\/\/reniermaastricht.nl\/wp-content\/uploads\/2022\/01\/Hannes-Roether-Maastricht-_-Renier-Clothing-Boutique-22.jpg 1920w, https:\/\/reniermaastricht.nl\/wp-content\/uploads\/2022\/01\/Hannes-Roether-Maastricht-_-Renier-Clothing-Boutique-22-300x169.jpg 300w, https:\/\/reniermaastricht.nl\/wp-content\/uploads\/2022\/01\/Hannes-Roether-Maastricht-_-Renier-Clothing-Boutique-22-1024x576.jpg 1024w, https:\/\/reniermaastricht.nl\/wp-content\/uploads\/2022\/01\/Hannes-Roether-Maastricht-_-Renier-Clothing-Boutique-22-768x432.jpg 768w, https:\/\/reniermaastricht.nl\/wp-content\/uploads\/2022\/01\/Hannes-Roether-Maastricht-_-Renier-Clothing-Boutique-22-1536x864.jpg 1536w\" sizes=\"(max-width: 1920px) 100vw, 1920px\" \/>\t\t\t\t\t\t\t\t\t\t\t\t\t\t\t<\/div>\n\t\t\t\t<\/div>\n\t\t\t\t<section class=\"elementor-section elementor-inner-section elementor-element elementor-element-74873a96 elementor-section-boxed elementor-section-height-default elementor-section-height-default\" data-id=\"74873a96\" data-element_type=\"section\" data-e-type=\"section\">\n\t\t\t\t\t\t<div class=\"elementor-container elementor-column-gap-default\">\n\t\t\t\t\t<div class=\"elementor-column elementor-col-33 elementor-inner-column elementor-element elementor-element-4d8d356f\" data-id=\"4d8d356f\" data-element_type=\"column\" data-e-type=\"column\">\n\t\t\t<div class=\"elementor-widget-wrap\">\n\t\t\t\t\t\t\t<\/div>\n\t\t<\/div>\n\t\t\t\t<div class=\"elementor-column elementor-col-33 elementor-inner-column elementor-element elementor-element-7bd80f5a\" data-id=\"7bd80f5a\" data-element_type=\"column\" data-e-type=\"column\" data-settings=\"{&quot;background_background&quot;:&quot;classic&quot;}\">\n\t\t\t<div class=\"elementor-widget-wrap elementor-element-populated\">\n\t\t\t\t\t\t<div class=\"elementor-element elementor-element-40e8930a elementor-widget elementor-widget-heading\" data-id=\"40e8930a\" data-element_type=\"widget\" data-e-type=\"widget\" data-widget_type=\"heading.default\">\n\t\t\t\t<div class=\"elementor-widget-container\">\n\t\t\t\t\t<h1 class=\"elementor-heading-title elementor-size-default\">Hannes Roether Kleidung<\/h1>\t\t\t\t<\/div>\n\t\t\t\t<\/div>\n\t\t\t\t<div class=\"elementor-element elementor-element-1d7ac820 elementor-widget elementor-widget-text-editor\" data-id=\"1d7ac820\" data-element_type=\"widget\" data-e-type=\"widget\" data-widget_type=\"text-editor.default\">\n\t\t\t\t<div class=\"elementor-widget-container\">\n\t\t\t\t\t\t\t\t\t<p class=\"translation-block\">Hannes Roether ist der Pionier der postmodernen Kleidung. Der Trend ist immer \u201ecasual\u201c, aber nie nachl\u00e4ssig. Mit seinem Label 'made in Europe' setzt Hannes Roether mit seiner Bekleidungskollektion ein klares Understatement. F\u00fcr seine Entw\u00fcrfe werden nur die besten luxuri\u00f6sen und nat\u00fcrlichen Materialien verwendet. Mit einer Vorliebe f\u00fcr Schwarz und einer Farbpalette wie auf einem verblichenen Polaroid voller Geschichte verwandelt Hannes Roether jedes Kleidungsst\u00fcck in eine zeitlose Silhouette. Geeignet f\u00fcr alle Typen und Pers\u00f6nlichkeiten. F\u00fcr M\u00e4nner und Frauen gleicherma\u00dfen.<\/p><p>Bij <span style=\"color: #000000;\"><a style=\"color: #000000;\" href=\"https:\/\/reniermaastricht.nl\/de\/personal-shopping\/\">Renier Clothing Boutique<\/a><\/span> shop je het hele jaar door deze tijdloze en hoogwaardige Hannes Roether kleding.<\/p>\t\t\t\t\t\t\t\t<\/div>\n\t\t\t\t<\/div>\n\t\t\t\t<div class=\"elementor-element elementor-element-fded9d5 elementor-align-left elementor-widget elementor-widget-button\" data-id=\"fded9d5\" data-element_type=\"widget\" data-e-type=\"widget\" data-widget_type=\"button.default\">\n\t\t\t\t<div class=\"elementor-widget-container\">\n\t\t\t\t\t\t\t\t\t<div class=\"elementor-button-wrapper\">\n\t\t\t\t\t<a class=\"elementor-button elementor-button-link elementor-size-sm\" href=\"mailto:info@reniermaastricht.nl\">\n\t\t\t\t\t\t<span class=\"elementor-button-content-wrapper\">\n\t\t\t\t\t\t<span class=\"elementor-button-icon\">\n\t\t\t\t<i aria-hidden=\"true\" class=\"fas fa-arrow-right\"><\/i>\t\t\t<\/span>\n\t\t\t\t\t\t\t\t\t<span class=\"elementor-button-text\">Vereinbaren Sie einen Termin<\/span>\n\t\t\t\t\t<\/span>\n\t\t\t\t\t<\/a>\n\t\t\t\t<\/div>\n\t\t\t\t\t\t\t\t<\/div>\n\t\t\t\t<\/div>\n\t\t\t\t\t<\/div>\n\t\t<\/div>\n\t\t\t\t<div class=\"elementor-column elementor-col-33 elementor-inner-column elementor-element elementor-element-1ea46df6\" data-id=\"1ea46df6\" data-element_type=\"column\" data-e-type=\"column\">\n\t\t\t<div class=\"elementor-widget-wrap\">\n\t\t\t\t\t\t\t<\/div>\n\t\t<\/div>\n\t\t\t\t\t<\/div>\n\t\t<\/section>\n\t\t\t\t\t<\/div>\n\t\t<\/div>\n\t\t\t\t\t<\/div>\n\t\t<\/section>\n\t\t\t\t<\/div>","protected":false},"excerpt":{"rendered":"<p>Hannes Roether kleding Hannes Roether is de pionier in postmoderne kleding. De trend is altijd casual, maar nooit achteloos. Met zijn \u2018made in europa\u2019 label, maakt Hannes Roether een duidelijk understatement met zijn kledingcollectie. Alleen de beste luxueuze en natuurlijke materialen mogen in zijn ontwerpen worden verwerkt. Met een voorliefde voor zwart en een kleurenpalet [&hellip;]<\/p>\n","protected":false},"author":2,"featured_media":0,"parent":0,"menu_order":0,"comment_status":"closed","ping_status":"closed","template":"","meta":{"footnotes":""},"class_list":["post-236","page","type-page","status-publish","hentry"],"_links":{"self":[{"href":"https:\/\/reniermaastricht.nl\/de\/wp-json\/wp\/v2\/pages\/236","targetHints":{"allow":["GET"]}}],"collection":[{"href":"https:\/\/reniermaastricht.nl\/de\/wp-json\/wp\/v2\/pages"}],"about":[{"href":"https:\/\/reniermaastricht.nl\/de\/wp-json\/wp\/v2\/types\/page"}],"author":[{"embeddable":true,"href":"https:\/\/reniermaastricht.nl\/de\/wp-json\/wp\/v2\/users\/2"}],"replies":[{"embeddable":true,"href":"https:\/\/reniermaastricht.nl\/de\/wp-json\/wp\/v2\/comments?post=236"}],"version-history":[{"count":5,"href":"https:\/\/reniermaastricht.nl\/de\/wp-json\/wp\/v2\/pages\/236\/revisions"}],"predecessor-version":[{"id":1176,"href":"https:\/\/reniermaastricht.nl\/de\/wp-json\/wp\/v2\/pages\/236\/revisions\/1176"}],"wp:attachment":[{"href":"https:\/\/reniermaastricht.nl\/de\/wp-json\/wp\/v2\/media?parent=236"}],"curies":[{"name":"wp","href":"https:\/\/api.w.org\/{rel}","templated":true}]}}