{"id":245,"date":"2022-01-05T09:11:49","date_gmt":"2022-01-05T09:11:49","guid":{"rendered":"https:\/\/reniermaastricht.nl\/?page_id=245"},"modified":"2024-04-11T13:52:09","modified_gmt":"2024-04-11T13:52:09","slug":"uber-renier","status":"publish","type":"page","link":"https:\/\/reniermaastricht.nl\/de\/over-renier\/","title":{"rendered":"Over renier"},"content":{"rendered":"<div data-elementor-type=\"wp-page\" data-elementor-id=\"245\" class=\"elementor elementor-245\" data-elementor-post-type=\"page\">\n\t\t\t\t\t\t<section class=\"elementor-section elementor-top-section elementor-element elementor-element-771e6168 elementor-hidden-tablet elementor-hidden-mobile elementor-section-boxed elementor-section-height-default elementor-section-height-default\" data-id=\"771e6168\" data-element_type=\"section\" data-e-type=\"section\" data-settings=\"{&quot;background_background&quot;:&quot;classic&quot;}\">\n\t\t\t\t\t\t<div class=\"elementor-container elementor-column-gap-default\">\n\t\t\t\t\t<div class=\"elementor-column elementor-col-50 elementor-top-column elementor-element elementor-element-59a58fc\" data-id=\"59a58fc\" data-element_type=\"column\" data-e-type=\"column\">\n\t\t\t<div class=\"elementor-widget-wrap elementor-element-populated\">\n\t\t\t\t\t\t<div class=\"elementor-element elementor-element-2f18f65d elementor-widget elementor-widget-image\" data-id=\"2f18f65d\" data-element_type=\"widget\" data-e-type=\"widget\" data-widget_type=\"image.default\">\n\t\t\t\t<div class=\"elementor-widget-container\">\n\t\t\t\t\t\t\t\t\t\t\t\t\t\t\t<img fetchpriority=\"high\" decoding=\"async\" width=\"1536\" height=\"1920\" src=\"https:\/\/reniermaastricht.nl\/wp-content\/uploads\/2022\/01\/Hannes-Roether-Maastricht-_-Renier-Clothing-Boutique-23.jpg\" class=\"attachment-full size-full wp-image-618\" alt=\"Hannes Roether Maastricht | Renier Clothing Boutique\" srcset=\"https:\/\/reniermaastricht.nl\/wp-content\/uploads\/2022\/01\/Hannes-Roether-Maastricht-_-Renier-Clothing-Boutique-23.jpg 1536w, https:\/\/reniermaastricht.nl\/wp-content\/uploads\/2022\/01\/Hannes-Roether-Maastricht-_-Renier-Clothing-Boutique-23-240x300.jpg 240w, https:\/\/reniermaastricht.nl\/wp-content\/uploads\/2022\/01\/Hannes-Roether-Maastricht-_-Renier-Clothing-Boutique-23-819x1024.jpg 819w, https:\/\/reniermaastricht.nl\/wp-content\/uploads\/2022\/01\/Hannes-Roether-Maastricht-_-Renier-Clothing-Boutique-23-768x960.jpg 768w, https:\/\/reniermaastricht.nl\/wp-content\/uploads\/2022\/01\/Hannes-Roether-Maastricht-_-Renier-Clothing-Boutique-23-1229x1536.jpg 1229w\" sizes=\"(max-width: 1536px) 100vw, 1536px\" \/>\t\t\t\t\t\t\t\t\t\t\t\t\t\t\t<\/div>\n\t\t\t\t<\/div>\n\t\t\t\t\t<\/div>\n\t\t<\/div>\n\t\t\t\t<div class=\"elementor-column elementor-col-50 elementor-top-column elementor-element elementor-element-39ebfd08 elementor-hidden-mobile\" data-id=\"39ebfd08\" data-element_type=\"column\" data-e-type=\"column\" data-settings=\"{&quot;background_background&quot;:&quot;classic&quot;}\">\n\t\t\t<div class=\"elementor-widget-wrap elementor-element-populated\">\n\t\t\t\t\t<div class=\"elementor-background-overlay\"><\/div>\n\t\t\t\t\t\t<div class=\"elementor-element elementor-element-3b1e0e8c elementor-widget elementor-widget-heading\" data-id=\"3b1e0e8c\" data-element_type=\"widget\" data-e-type=\"widget\" data-widget_type=\"heading.default\">\n\t\t\t\t<div class=\"elementor-widget-container\">\n\t\t\t\t\t<p class=\"elementor-heading-title elementor-size-default\">\u00dcber Renier<\/p>\t\t\t\t<\/div>\n\t\t\t\t<\/div>\n\t\t\t\t\t<\/div>\n\t\t<\/div>\n\t\t\t\t\t<\/div>\n\t\t<\/section>\n\t\t\t\t<section class=\"elementor-section elementor-top-section elementor-element elementor-element-6088324 elementor-section-full_width elementor-hidden-desktop elementor-section-height-default elementor-section-height-default\" data-id=\"6088324\" data-element_type=\"section\" data-e-type=\"section\" data-settings=\"{&quot;background_background&quot;:&quot;classic&quot;}\">\n\t\t\t\t\t\t<div class=\"elementor-container elementor-column-gap-default\">\n\t\t\t\t\t<div class=\"elementor-column elementor-col-100 elementor-top-column elementor-element elementor-element-69a2a38\" data-id=\"69a2a38\" data-element_type=\"column\" data-e-type=\"column\" data-settings=\"{&quot;background_background&quot;:&quot;classic&quot;}\">\n\t\t\t<div class=\"elementor-widget-wrap elementor-element-populated\">\n\t\t\t\t\t\t<div class=\"elementor-element elementor-element-5a5004a elementor-widget elementor-widget-image\" data-id=\"5a5004a\" data-element_type=\"widget\" data-e-type=\"widget\" data-widget_type=\"image.default\">\n\t\t\t\t<div class=\"elementor-widget-container\">\n\t\t\t\t\t\t\t\t\t\t\t\t\t\t\t<img fetchpriority=\"high\" decoding=\"async\" width=\"1536\" height=\"1920\" src=\"https:\/\/reniermaastricht.nl\/wp-content\/uploads\/2022\/01\/Hannes-Roether-Maastricht-_-Renier-Clothing-Boutique-23.jpg\" class=\"attachment-full size-full wp-image-618\" alt=\"Hannes Roether Maastricht | Renier Clothing Boutique\" srcset=\"https:\/\/reniermaastricht.nl\/wp-content\/uploads\/2022\/01\/Hannes-Roether-Maastricht-_-Renier-Clothing-Boutique-23.jpg 1536w, https:\/\/reniermaastricht.nl\/wp-content\/uploads\/2022\/01\/Hannes-Roether-Maastricht-_-Renier-Clothing-Boutique-23-240x300.jpg 240w, https:\/\/reniermaastricht.nl\/wp-content\/uploads\/2022\/01\/Hannes-Roether-Maastricht-_-Renier-Clothing-Boutique-23-819x1024.jpg 819w, https:\/\/reniermaastricht.nl\/wp-content\/uploads\/2022\/01\/Hannes-Roether-Maastricht-_-Renier-Clothing-Boutique-23-768x960.jpg 768w, https:\/\/reniermaastricht.nl\/wp-content\/uploads\/2022\/01\/Hannes-Roether-Maastricht-_-Renier-Clothing-Boutique-23-1229x1536.jpg 1229w\" sizes=\"(max-width: 1536px) 100vw, 1536px\" \/>\t\t\t\t\t\t\t\t\t\t\t\t\t\t\t<\/div>\n\t\t\t\t<\/div>\n\t\t\t\t\t<\/div>\n\t\t<\/div>\n\t\t\t\t\t<\/div>\n\t\t<\/section>\n\t\t\t\t<section class=\"elementor-section elementor-top-section elementor-element elementor-element-659574a1 elementor-section-boxed elementor-section-height-default elementor-section-height-default\" data-id=\"659574a1\" data-element_type=\"section\" data-e-type=\"section\">\n\t\t\t\t\t\t<div class=\"elementor-container elementor-column-gap-default\">\n\t\t\t\t\t<div class=\"elementor-column elementor-col-100 elementor-top-column elementor-element elementor-element-5b6a97a1\" data-id=\"5b6a97a1\" data-element_type=\"column\" data-e-type=\"column\">\n\t\t\t<div class=\"elementor-widget-wrap elementor-element-populated\">\n\t\t\t\t\t\t<div class=\"elementor-element elementor-element-4adf6b50 elementor-widget elementor-widget-heading\" data-id=\"4adf6b50\" data-element_type=\"widget\" data-e-type=\"widget\" data-widget_type=\"heading.default\">\n\t\t\t\t<div class=\"elementor-widget-container\">\n\t\t\t\t\t<h3 class=\"elementor-heading-title elementor-size-default\"><a href=\"https:\/\/reniermaastricht.nl\/de\/\">Die Geschichte von Renier<\/a><\/h3>\t\t\t\t<\/div>\n\t\t\t\t<\/div>\n\t\t\t\t<div class=\"elementor-element elementor-element-4ba7b769 elementor-widget elementor-widget-text-editor\" data-id=\"4ba7b769\" data-element_type=\"widget\" data-e-type=\"widget\" data-widget_type=\"text-editor.default\">\n\t\t\t\t<div class=\"elementor-widget-container\">\n\t\t\t\t\t\t\t\t\t<p>Nach jahrelanger T\u00e4tigkeit in verschiedenen Managementpositionen ist Renier (alias Ren\u00e9) zu seiner alten Leidenschaft und Liebe zur Kleidung zur\u00fcckgekehrt. In Reniers Jugend, mit einem Vater, der 45 Jahre lang Eink\u00e4ufer f\u00fcr Herrenbekleidung war, wurden die Grundlagen gelegt. Bewusst und unbewusst, in der Liebe zu Materialien, traditionellen Arbeitsmethoden und ehrlicher Kleidung entstanden.<\/p>\n<p>De weg naar het maken van een kledingstuk heeft Renier altijd enorm ge\u00efnteresseerd. Deze passie en interesse in duurzaam afgewerkte kleding heeft ertoe geleid dat hij in 2013 in contact is gekomen met het merk <span style=\"color: #000000;\"><a style=\"color: #000000;\" href=\"https:\/\/reniermaastricht.nl\/de\/hannes-roether-kleding\/\">Hannes Roether<\/a><\/span>. Een individuele passie werd vervolgens een gezamenlijke passie. In eerste instantie als vaste klant, nu als uitbater van het merk <span style=\"color: #000000;\"><a style=\"color: #000000;\" href=\"http:\/\/www.hannesroether.de\" target=\"_blank\" rel=\"noopener\">Hannes Roether<\/a><\/span> met een mooie collectie in dames- en herenkleding midden in Maastricht.<\/p>\n<p>Die Renier Clothing Boutique verbindet die Liebe von Renier zum ehrlichen Verkauf von langlebiger und qualitativ hochwertiger Kleidung. Zeitlose Kleidung f\u00fcr Heute, morgen und \u00fcbermorgen<\/p>\t\t\t\t\t\t\t\t<\/div>\n\t\t\t\t<\/div>\n\t\t\t\t\t<\/div>\n\t\t<\/div>\n\t\t\t\t\t<\/div>\n\t\t<\/section>\n\t\t\t\t<section class=\"elementor-section elementor-top-section elementor-element elementor-element-22283d4c elementor-hidden-tablet elementor-hidden-mobile elementor-section-boxed elementor-section-height-default elementor-section-height-default\" data-id=\"22283d4c\" data-element_type=\"section\" data-e-type=\"section\" data-settings=\"{&quot;background_background&quot;:&quot;classic&quot;}\">\n\t\t\t\t\t\t<div class=\"elementor-container elementor-column-gap-default\">\n\t\t\t\t\t<div class=\"elementor-column elementor-col-50 elementor-top-column elementor-element elementor-element-a720057\" data-id=\"a720057\" data-element_type=\"column\" data-e-type=\"column\" data-settings=\"{&quot;background_background&quot;:&quot;classic&quot;}\">\n\t\t\t<div class=\"elementor-widget-wrap elementor-element-populated\">\n\t\t\t\t\t\t<div class=\"elementor-element elementor-element-4a06ead elementor-widget elementor-widget-heading\" data-id=\"4a06ead\" data-element_type=\"widget\" data-e-type=\"widget\" data-widget_type=\"heading.default\">\n\t\t\t\t<div class=\"elementor-widget-container\">\n\t\t\t\t\t<h2 class=\"elementor-heading-title elementor-size-default\">\u201cSlow Shopping\u201d<\/h2>\t\t\t\t<\/div>\n\t\t\t\t<\/div>\n\t\t\t\t<div class=\"elementor-element elementor-element-bbc7ecf elementor-widget elementor-widget-heading\" data-id=\"bbc7ecf\" data-element_type=\"widget\" data-e-type=\"widget\" data-widget_type=\"heading.default\">\n\t\t\t\t<div class=\"elementor-widget-container\">\n\t\t\t\t\t<h2 class=\"elementor-heading-title elementor-size-default translation-block\">bei <i>Renier<\/i> in<\/h2>\t\t\t\t<\/div>\n\t\t\t\t<\/div>\n\t\t\t\t<div class=\"elementor-element elementor-element-1e4ff72 elementor-widget elementor-widget-heading\" data-id=\"1e4ff72\" data-element_type=\"widget\" data-e-type=\"widget\" data-widget_type=\"heading.default\">\n\t\t\t\t<div class=\"elementor-widget-container\">\n\t\t\t\t\t<p class=\"elementor-heading-title elementor-size-default\">Wohnzimmer Atmosph\u00e4re.<\/p>\t\t\t\t<\/div>\n\t\t\t\t<\/div>\n\t\t\t\t\t<\/div>\n\t\t<\/div>\n\t\t\t\t<div class=\"elementor-column elementor-col-50 elementor-top-column elementor-element elementor-element-5b9f6f5f\" data-id=\"5b9f6f5f\" data-element_type=\"column\" data-e-type=\"column\">\n\t\t\t<div class=\"elementor-widget-wrap\">\n\t\t\t\t\t\t\t<\/div>\n\t\t<\/div>\n\t\t\t\t\t<\/div>\n\t\t<\/section>\n\t\t\t\t<section class=\"elementor-section elementor-top-section elementor-element elementor-element-6f1f436 elementor-hidden-desktop elementor-section-boxed elementor-section-height-default elementor-section-height-default\" data-id=\"6f1f436\" data-element_type=\"section\" data-e-type=\"section\" data-settings=\"{&quot;background_background&quot;:&quot;classic&quot;}\">\n\t\t\t\t\t\t<div class=\"elementor-container elementor-column-gap-default\">\n\t\t\t\t\t<div class=\"elementor-column elementor-col-100 elementor-top-column elementor-element elementor-element-985cd7d\" data-id=\"985cd7d\" data-element_type=\"column\" data-e-type=\"column\" data-settings=\"{&quot;background_background&quot;:&quot;classic&quot;}\">\n\t\t\t<div class=\"elementor-widget-wrap elementor-element-populated\">\n\t\t\t\t\t\t<div class=\"elementor-element elementor-element-40098d6 elementor-widget elementor-widget-heading\" data-id=\"40098d6\" data-element_type=\"widget\" data-e-type=\"widget\" data-widget_type=\"heading.default\">\n\t\t\t\t<div class=\"elementor-widget-container\">\n\t\t\t\t\t<h2 class=\"elementor-heading-title elementor-size-default\">\u201cSlow Shopping\u201d bei <i>renier<\/i> in <u>Wohnzimmer Atmosph\u00e4re<\/u><\/h2>\t\t\t\t<\/div>\n\t\t\t\t<\/div>\n\t\t\t\t\t<\/div>\n\t\t<\/div>\n\t\t\t\t\t<\/div>\n\t\t<\/section>\n\t\t\t\t<section class=\"elementor-section elementor-top-section elementor-element elementor-element-1248a33e elementor-section-boxed elementor-section-height-default elementor-section-height-default\" data-id=\"1248a33e\" data-element_type=\"section\" data-e-type=\"section\" data-settings=\"{&quot;background_background&quot;:&quot;classic&quot;}\">\n\t\t\t\t\t\t<div class=\"elementor-container elementor-column-gap-default\">\n\t\t\t\t\t<div class=\"elementor-column elementor-col-100 elementor-top-column elementor-element elementor-element-1fd9100d\" data-id=\"1fd9100d\" data-element_type=\"column\" data-e-type=\"column\">\n\t\t\t<div class=\"elementor-widget-wrap elementor-element-populated\">\n\t\t\t\t\t\t<div class=\"elementor-element elementor-element-32e0c85f elementor-widget elementor-widget-heading\" data-id=\"32e0c85f\" data-element_type=\"widget\" data-e-type=\"widget\" data-widget_type=\"heading.default\">\n\t\t\t\t<div class=\"elementor-widget-container\">\n\t\t\t\t\t<h3 class=\"elementor-heading-title elementor-size-default\">Bewertungen von unseren Kunden<\/h3>\t\t\t\t<\/div>\n\t\t\t\t<\/div>\n\t\t\t\t<section class=\"elementor-section elementor-inner-section elementor-element elementor-element-38c8df48 elementor-section-boxed elementor-section-height-default elementor-section-height-default\" data-id=\"38c8df48\" data-element_type=\"section\" data-e-type=\"section\">\n\t\t\t\t\t\t<div class=\"elementor-container elementor-column-gap-default\">\n\t\t\t\t\t<div class=\"elementor-column elementor-col-50 elementor-inner-column elementor-element elementor-element-4e2cf816\" data-id=\"4e2cf816\" data-element_type=\"column\" data-e-type=\"column\">\n\t\t\t<div class=\"elementor-widget-wrap elementor-element-populated\">\n\t\t\t\t\t\t<div class=\"elementor-element elementor-element-5b148190 elementor-widget elementor-widget-eael-testimonial\" data-id=\"5b148190\" data-element_type=\"widget\" data-e-type=\"widget\" data-widget_type=\"eael-testimonial.default\">\n\t\t\t\t<div class=\"elementor-widget-container\">\n\t\t\t\t\t\n\t<div id=\"eael-testimonial-5b148190\" class=\"eael-testimonial-item clearfix testimonial-avatar-rounded classic-style rating-five\">\n\t\t\t\t\t\t\t<div class=\"eael-testimonial-content\">\n\t\t\t\t<div class=\"eael-testimonial-text\"><p>Geweldige keuze van duurzaam afgewerkte kledingstukken gecombineerd met een gedistingeerd en professioneel advies.<\/p><p>Ik voelde me zeer welkom door Renier (Ren\u00e9) die veel passie heeft samen met een verbluffende expertise over de kleding in zijn winkel.<\/p><p>Hij biedt een breed scala van hoogwaardige kleding voor iedereen die houdt van buitengewone stukken die een leven lang meegaan.<\/p><p>Door de gastvrijheid en de grote deskundige raadpleging voelde ik me bij Renier erg comfortabel. Ik kijk nu al uit naar mijn volgende bezoek.<\/p><p>Heel hartelijk bedankt beste Ren\u00e9<\/p><\/div>\t\t\t\t<div class=\"clearfix\">\n\t\t\t\t\t<p class=\"eael-testimonial-user\">Rebekka Momm<\/p>\t\t\t\t<\/div>\n\t\t\t\t\t\t<ul class=\"testimonial-star-rating\">\n\t\t\t<li><i class=\"fas fa-star\" aria-hidden=\"true\"><\/i><\/li>\n\t\t\t<li><i class=\"fas fa-star\" aria-hidden=\"true\"><\/i><\/li>\n\t\t\t<li><i class=\"fas fa-star\" aria-hidden=\"true\"><\/i><\/li>\n\t\t\t<li><i class=\"fas fa-star\" aria-hidden=\"true\"><\/i><\/li>\n\t\t\t<li><i class=\"fas fa-star\" aria-hidden=\"true\"><\/i><\/li>\n\t\t<\/ul>\n\t\t\t\t\t<\/div>\n\t\t\t\t\t\n\t\t\n\t\t\n\t\t\n\t\t\n\t\t\n\t\t\n\t\t\n\t\t<span class=\"eael-testimonial-quote\"><\/span>\n\t<\/div>\n\n\t\t\t\t\t<\/div>\n\t\t\t\t<\/div>\n\t\t\t\t\t<\/div>\n\t\t<\/div>\n\t\t\t\t<div class=\"elementor-column elementor-col-50 elementor-inner-column elementor-element elementor-element-54f9bdb9\" data-id=\"54f9bdb9\" data-element_type=\"column\" data-e-type=\"column\">\n\t\t\t<div class=\"elementor-widget-wrap elementor-element-populated\">\n\t\t\t\t\t\t<div class=\"elementor-element elementor-element-14004528 elementor-widget elementor-widget-eael-testimonial\" data-id=\"14004528\" data-element_type=\"widget\" data-e-type=\"widget\" data-widget_type=\"eael-testimonial.default\">\n\t\t\t\t<div class=\"elementor-widget-container\">\n\t\t\t\t\t\n\t<div id=\"eael-testimonial-14004528\" class=\"eael-testimonial-item clearfix testimonial-avatar-rounded classic-style rating-five\">\n\t\t\t\t\t\t\t<div class=\"eael-testimonial-content\">\n\t\t\t\t<div class=\"eael-testimonial-text\"><p>Mijn favoriete boetiek in Maastricht!<\/p><p>Een must voor fans van Hannes Roether. Hoogwaardige producten, competente vriendelijke service en goed advies.<\/p><p>Top!!<\/p><p>\u00a0<\/p><p>\u00a0<\/p><p>\u00a0<\/p><p>\u00a0<\/p><\/div>\t\t\t\t<div class=\"clearfix\">\n\t\t\t\t\t<p class=\"eael-testimonial-user\">Thomas Rex<\/p>\t\t\t\t<\/div>\n\t\t\t\t\t\t<ul class=\"testimonial-star-rating\">\n\t\t\t<li><i class=\"fas fa-star\" aria-hidden=\"true\"><\/i><\/li>\n\t\t\t<li><i class=\"fas fa-star\" aria-hidden=\"true\"><\/i><\/li>\n\t\t\t<li><i class=\"fas fa-star\" aria-hidden=\"true\"><\/i><\/li>\n\t\t\t<li><i class=\"fas fa-star\" aria-hidden=\"true\"><\/i><\/li>\n\t\t\t<li><i class=\"fas fa-star\" aria-hidden=\"true\"><\/i><\/li>\n\t\t<\/ul>\n\t\t\t\t\t<\/div>\n\t\t\t\t\t\n\t\t\n\t\t\n\t\t\n\t\t\n\t\t\n\t\t\n\t\t\n\t\t<span class=\"eael-testimonial-quote\"><\/span>\n\t<\/div>\n\n\t\t\t\t\t<\/div>\n\t\t\t\t<\/div>\n\t\t\t\t\t<\/div>\n\t\t<\/div>\n\t\t\t\t\t<\/div>\n\t\t<\/section>\n\t\t\t\t\t<\/div>\n\t\t<\/div>\n\t\t\t\t\t<\/div>\n\t\t<\/section>\n\t\t\t\t<\/div>","protected":false},"excerpt":{"rendered":"<p>over renier Het verhaal van Renier Na jarenlang in diverse managementfuncties te hebben gewerkt, is Renier (ook wel Ren\u00e9) terug bij zijn oude passie en voorliefde voor kleding. In de jeugd van Renier, met een vader die 45 jaar inkoper van mannenmode was, is er bewust en onbewust de basis gelegd in de liefde voor [&hellip;]<\/p>\n","protected":false},"author":2,"featured_media":0,"parent":0,"menu_order":0,"comment_status":"closed","ping_status":"closed","template":"","meta":{"footnotes":""},"class_list":["post-245","page","type-page","status-publish","hentry"],"_links":{"self":[{"href":"https:\/\/reniermaastricht.nl\/de\/wp-json\/wp\/v2\/pages\/245","targetHints":{"allow":["GET"]}}],"collection":[{"href":"https:\/\/reniermaastricht.nl\/de\/wp-json\/wp\/v2\/pages"}],"about":[{"href":"https:\/\/reniermaastricht.nl\/de\/wp-json\/wp\/v2\/types\/page"}],"author":[{"embeddable":true,"href":"https:\/\/reniermaastricht.nl\/de\/wp-json\/wp\/v2\/users\/2"}],"replies":[{"embeddable":true,"href":"https:\/\/reniermaastricht.nl\/de\/wp-json\/wp\/v2\/comments?post=245"}],"version-history":[{"count":5,"href":"https:\/\/reniermaastricht.nl\/de\/wp-json\/wp\/v2\/pages\/245\/revisions"}],"predecessor-version":[{"id":1182,"href":"https:\/\/reniermaastricht.nl\/de\/wp-json\/wp\/v2\/pages\/245\/revisions\/1182"}],"wp:attachment":[{"href":"https:\/\/reniermaastricht.nl\/de\/wp-json\/wp\/v2\/media?parent=245"}],"curies":[{"name":"wp","href":"https:\/\/api.w.org\/{rel}","templated":true}]}}